{"id":497,"date":"2020-09-26T06:55:15","date_gmt":"2020-09-26T06:55:15","guid":{"rendered":"http:\/\/betisdata.es\/?page_id=497"},"modified":"2021-04-21T14:55:51","modified_gmt":"2021-04-21T14:55:51","slug":"titulos-ii","status":"publish","type":"page","link":"http:\/\/betisdata.es\/?page_id=497","title":{"rendered":"T\u00edtulos"},"content":{"rendered":"\t\t<div data-elementor-type=\"wp-page\" data-elementor-id=\"497\" class=\"elementor elementor-497\" data-elementor-settings=\"[]\">\n\t\t\t<div class=\"elementor-inner\">\n\t\t\t\t<div class=\"elementor-section-wrap\">\n\t\t\t\t\t\t\t<section class=\"elementor-element elementor-element-6422978c elementor-section-content-middle elementor-section-boxed elementor-section-height-default elementor-section-height-default elementor-section elementor-top-section\" data-id=\"6422978c\" data-element_type=\"section\">\n\t\t\t\t\t\t<div class=\"elementor-container elementor-column-gap-default\">\n\t\t\t\t<div class=\"elementor-row\">\n\t\t\t\t<div class=\"elementor-element elementor-element-38a49b80 elementor-column elementor-col-50 elementor-top-column\" data-id=\"38a49b80\" data-element_type=\"column\">\n\t\t\t<div class=\"elementor-column-wrap  elementor-element-populated\">\n\t\t\t\t\t<div class=\"elementor-widget-wrap\">\n\t\t\t\t<div class=\"elementor-element elementor-element-597814cb elementor-widget elementor-widget-image\" data-id=\"597814cb\" data-element_type=\"widget\" data-widget_type=\"image.default\">\n\t\t\t\t<div class=\"elementor-widget-container\">\n\t\t\t\t\t<div class=\"elementor-image\">\n\t\t\t\t\t\t\t\t\t\t<img loading=\"lazy\" decoding=\"async\" width=\"675\" height=\"400\" src=\"http:\/\/betisdata.es\/wp-content\/uploads\/2020\/09\/TITULOS_BETIS.jpg\" class=\"attachment-full size-full\" alt=\"\" srcset=\"http:\/\/betisdata.es\/wp-content\/uploads\/2020\/09\/TITULOS_BETIS.jpg 675w, http:\/\/betisdata.es\/wp-content\/uploads\/2020\/09\/TITULOS_BETIS-300x178.jpg 300w\" sizes=\"(max-width: 675px) 100vw, 675px\" \/>\t\t\t\t\t\t\t\t\t\t\t<\/div>\n\t\t\t\t<\/div>\n\t\t\t\t<\/div>\n\t\t\t\t\t\t<\/div>\n\t\t\t<\/div>\n\t\t<\/div>\n\t\t\t\t<div class=\"elementor-element elementor-element-40d8a885 elementor-column elementor-col-50 elementor-top-column\" data-id=\"40d8a885\" data-element_type=\"column\">\n\t\t\t<div class=\"elementor-column-wrap  elementor-element-populated\">\n\t\t\t\t\t<div class=\"elementor-widget-wrap\">\n\t\t\t\t<div class=\"elementor-element elementor-element-4dbcf549 elementor-widget elementor-widget-heading\" data-id=\"4dbcf549\" data-element_type=\"widget\" data-widget_type=\"heading.default\">\n\t\t\t\t<div class=\"elementor-widget-container\">\n\t\t\t<h3 class=\"elementor-heading-title elementor-size-default\">T\u00cdTULOS<\/h3>\t\t<\/div>\n\t\t\t\t<\/div>\n\t\t\t\t<div class=\"elementor-element elementor-element-b171208 elementor-widget elementor-widget-text-editor\" data-id=\"b171208\" data-element_type=\"widget\" data-widget_type=\"text-editor.default\">\n\t\t\t\t<div class=\"elementor-widget-container\">\n\t\t\t\t\t<div class=\"elementor-text-editor elementor-clearfix\"><p>El Real Betis Balompi\u00e9 ha ganado 1 t\u00edtulo de Liga 1934-35 y 2 copas del Rey, la primera que se disput\u00f3, en la temporada 1977-78 y en la temporada 2004-05. En sus a\u00f1os en 2\u00aa divisi\u00f3n, ha conquistado hasta 7 t\u00edtulos de campe\u00f3n de la categor\u00eda de plata.<\/p><\/div>\n\t\t\t\t<\/div>\n\t\t\t\t<\/div>\n\t\t\t\t\t\t<\/div>\n\t\t\t<\/div>\n\t\t<\/div>\n\t\t\t\t\t\t<\/div>\n\t\t\t<\/div>\n\t\t<\/section>\n\t\t\t\t<section class=\"elementor-element elementor-element-7242af9f elementor-section-content-top elementor-reverse-mobile elementor-section-boxed elementor-section-height-default elementor-section-height-default elementor-section elementor-top-section\" data-id=\"7242af9f\" data-element_type=\"section\">\n\t\t\t\t\t\t\t<div class=\"elementor-background-overlay\"><\/div>\n\t\t\t\t\t\t\t<div class=\"elementor-container elementor-column-gap-default\">\n\t\t\t\t<div class=\"elementor-row\">\n\t\t\t\t<div class=\"elementor-element elementor-element-14e4549a elementor-column elementor-col-50 elementor-top-column\" data-id=\"14e4549a\" data-element_type=\"column\">\n\t\t\t<div class=\"elementor-column-wrap  elementor-element-populated\">\n\t\t\t\t\t<div class=\"elementor-widget-wrap\">\n\t\t\t\t<div class=\"elementor-element elementor-element-2faed54c elementor-absolute elementor-widget elementor-widget-heading\" data-id=\"2faed54c\" data-element_type=\"widget\" data-settings=\"{&quot;_position&quot;:&quot;absolute&quot;}\" data-widget_type=\"heading.default\">\n\t\t\t\t<div class=\"elementor-widget-container\">\n\t\t\t<h3 class=\"elementor-heading-title elementor-size-default\">LIGA 1934-35<\/h3>\t\t<\/div>\n\t\t\t\t<\/div>\n\t\t\t\t<div class=\"elementor-element elementor-element-3bf3b1be elementor-widget elementor-widget-text-editor\" data-id=\"3bf3b1be\" data-element_type=\"widget\" data-widget_type=\"text-editor.default\">\n\t\t\t\t<div class=\"elementor-widget-container\">\n\t\t\t\t\t<div class=\"elementor-text-editor elementor-clearfix\"><p>El modesto Betis conquist\u00f3 la Liga sorprendiendo a los equipos favoritos: Atlethic, Real Madrid y Barcelona, gracias a una defensa excepcional y s\u00f3lo empleando 16 jugadores en todo el campeonato. El sistema de juego de entonces sorprende pues se jugaba 1-2-3-5&#8230;<\/p><\/div>\n\t\t\t\t<\/div>\n\t\t\t\t<\/div>\n\t\t\t\t<div class=\"elementor-element elementor-element-22338229 elementor-align-justify elementor-mobile-align-center elementor-absolute elementor-widget elementor-widget-button\" data-id=\"22338229\" data-element_type=\"widget\" data-settings=\"{&quot;_position&quot;:&quot;absolute&quot;}\" data-widget_type=\"button.default\">\n\t\t\t\t<div class=\"elementor-widget-container\">\n\t\t\t\t\t<div class=\"elementor-button-wrapper\">\n\t\t\t<a href=\"http:\/\/betisdata.es\/?p=193\" target=\"_blank\" class=\"elementor-button-link elementor-button elementor-size-md\" role=\"button\">\n\t\t\t\t\t\t<span class=\"elementor-button-content-wrapper\">\n\t\t\t\t\t\t<span class=\"elementor-button-icon elementor-align-icon-right\">\n\t\t\t\t<i aria-hidden=\"true\" class=\"fas fa-angle-double-right\"><\/i>\t\t\t<\/span>\n\t\t\t\t\t\t<span class=\"elementor-button-text\">1\u00aa vuelta de la liga 1934-35 jornada a jornada<\/span>\n\t\t<\/span>\n\t\t\t\t\t<\/a>\n\t\t<\/div>\n\t\t\t\t<\/div>\n\t\t\t\t<\/div>\n\t\t\t\t<div class=\"elementor-element elementor-element-380a7ae elementor-align-justify elementor-mobile-align-center elementor-absolute elementor-widget elementor-widget-button\" data-id=\"380a7ae\" data-element_type=\"widget\" data-settings=\"{&quot;_position&quot;:&quot;absolute&quot;}\" data-widget_type=\"button.default\">\n\t\t\t\t<div class=\"elementor-widget-container\">\n\t\t\t\t\t<div class=\"elementor-button-wrapper\">\n\t\t\t<a href=\"http:\/\/betisdata.es\/?p=485\" target=\"_blank\" class=\"elementor-button-link elementor-button elementor-size-md\" role=\"button\">\n\t\t\t\t\t\t<span class=\"elementor-button-content-wrapper\">\n\t\t\t\t\t\t<span class=\"elementor-button-icon elementor-align-icon-right\">\n\t\t\t\t<i aria-hidden=\"true\" class=\"fas fa-angle-double-right\"><\/i>\t\t\t<\/span>\n\t\t\t\t\t\t<span class=\"elementor-button-text\">2\u00aa vuelta de la Liga 1934-35 jornada  a jornada<\/span>\n\t\t<\/span>\n\t\t\t\t\t<\/a>\n\t\t<\/div>\n\t\t\t\t<\/div>\n\t\t\t\t<\/div>\n\t\t\t\t\t\t<\/div>\n\t\t\t<\/div>\n\t\t<\/div>\n\t\t\t\t<div class=\"elementor-element elementor-element-1f2ea8ee elementor-column elementor-col-50 elementor-top-column\" data-id=\"1f2ea8ee\" data-element_type=\"column\">\n\t\t\t<div class=\"elementor-column-wrap  elementor-element-populated\">\n\t\t\t\t\t<div class=\"elementor-widget-wrap\">\n\t\t\t\t<div class=\"elementor-element elementor-element-48d803ef elementor-widget elementor-widget-image\" data-id=\"48d803ef\" data-element_type=\"widget\" data-widget_type=\"image.default\">\n\t\t\t\t<div class=\"elementor-widget-container\">\n\t\t\t\t\t<div class=\"elementor-image\">\n\t\t\t\t\t\t\t\t\t\t<img loading=\"lazy\" decoding=\"async\" width=\"1217\" height=\"757\" src=\"http:\/\/betisdata.es\/wp-content\/uploads\/2020\/06\/1935_04_30_FOTO-PLANTILLA-BETIS-CAMPEON.png\" class=\"attachment-full size-full\" alt=\"Betis campe\u00f3n Liga 1934-35\" srcset=\"http:\/\/betisdata.es\/wp-content\/uploads\/2020\/06\/1935_04_30_FOTO-PLANTILLA-BETIS-CAMPEON.png 1217w, http:\/\/betisdata.es\/wp-content\/uploads\/2020\/06\/1935_04_30_FOTO-PLANTILLA-BETIS-CAMPEON-300x187.png 300w, http:\/\/betisdata.es\/wp-content\/uploads\/2020\/06\/1935_04_30_FOTO-PLANTILLA-BETIS-CAMPEON-1024x637.png 1024w, http:\/\/betisdata.es\/wp-content\/uploads\/2020\/06\/1935_04_30_FOTO-PLANTILLA-BETIS-CAMPEON-768x478.png 768w\" sizes=\"(max-width: 1217px) 100vw, 1217px\" \/>\t\t\t\t\t\t\t\t\t\t\t<\/div>\n\t\t\t\t<\/div>\n\t\t\t\t<\/div>\n\t\t\t\t\t\t<\/div>\n\t\t\t<\/div>\n\t\t<\/div>\n\t\t\t\t\t\t<\/div>\n\t\t\t<\/div>\n\t\t<\/section>\n\t\t\t\t<section class=\"elementor-element elementor-element-43a2eed elementor-section-content-middle elementor-section-boxed elementor-section-height-default elementor-section-height-default elementor-section elementor-top-section\" data-id=\"43a2eed\" data-element_type=\"section\">\n\t\t\t\t\t\t<div class=\"elementor-container elementor-column-gap-default\">\n\t\t\t\t<div class=\"elementor-row\">\n\t\t\t\t<div class=\"elementor-element elementor-element-c80728b elementor-column elementor-col-50 elementor-top-column\" data-id=\"c80728b\" data-element_type=\"column\">\n\t\t\t<div class=\"elementor-column-wrap  elementor-element-populated\">\n\t\t\t\t\t<div class=\"elementor-widget-wrap\">\n\t\t\t\t<div class=\"elementor-element elementor-element-6eb6d3c elementor-widget elementor-widget-image\" data-id=\"6eb6d3c\" data-element_type=\"widget\" data-widget_type=\"image.default\">\n\t\t\t\t<div class=\"elementor-widget-container\">\n\t\t\t\t\t<div class=\"elementor-image\">\n\t\t\t\t\t\t\t\t\t\t<img loading=\"lazy\" decoding=\"async\" width=\"644\" height=\"362\" src=\"http:\/\/betisdata.es\/wp-content\/uploads\/2020\/09\/copa-rey-betis-1977-644x362-1.jpg\" class=\"attachment-full size-full\" alt=\"\" srcset=\"http:\/\/betisdata.es\/wp-content\/uploads\/2020\/09\/copa-rey-betis-1977-644x362-1.jpg 644w, http:\/\/betisdata.es\/wp-content\/uploads\/2020\/09\/copa-rey-betis-1977-644x362-1-300x169.jpg 300w\" sizes=\"(max-width: 644px) 100vw, 644px\" \/>\t\t\t\t\t\t\t\t\t\t\t<\/div>\n\t\t\t\t<\/div>\n\t\t\t\t<\/div>\n\t\t\t\t\t\t<\/div>\n\t\t\t<\/div>\n\t\t<\/div>\n\t\t\t\t<div class=\"elementor-element elementor-element-d3822ee elementor-column elementor-col-50 elementor-top-column\" data-id=\"d3822ee\" data-element_type=\"column\">\n\t\t\t<div class=\"elementor-column-wrap  elementor-element-populated\">\n\t\t\t\t\t<div class=\"elementor-widget-wrap\">\n\t\t\t\t<div class=\"elementor-element elementor-element-0560d37 elementor-widget elementor-widget-heading\" data-id=\"0560d37\" data-element_type=\"widget\" data-widget_type=\"heading.default\">\n\t\t\t\t<div class=\"elementor-widget-container\">\n\t\t\t<h3 class=\"elementor-heading-title elementor-size-default\">COPA 1976-77<\/h3>\t\t<\/div>\n\t\t\t\t<\/div>\n\t\t\t\t<div class=\"elementor-element elementor-element-d82b001 elementor-widget elementor-widget-text-editor\" data-id=\"d82b001\" data-element_type=\"widget\" data-widget_type=\"text-editor.default\">\n\t\t\t\t<div class=\"elementor-widget-container\">\n\t\t\t\t\t<div class=\"elementor-text-editor elementor-clearfix\"><p>I am text block. Click edit button to change this text. Lorem ipsum dolor sit amet, consectetur adipiscing elit. Ut elit tellus, luctus nec ullamcorper mattis, pulvinar dapibus leo.<\/p><\/div>\n\t\t\t\t<\/div>\n\t\t\t\t<\/div>\n\t\t\t\t<div class=\"elementor-element elementor-element-fa90c44 elementor-align-left elementor-mobile-align-center elementor-widget elementor-widget-button\" data-id=\"fa90c44\" data-element_type=\"widget\" data-widget_type=\"button.default\">\n\t\t\t\t<div class=\"elementor-widget-container\">\n\t\t\t\t\t<div class=\"elementor-button-wrapper\">\n\t\t\t<a href=\"#\" class=\"elementor-button-link elementor-button elementor-size-md\" role=\"button\">\n\t\t\t\t\t\t<span class=\"elementor-button-content-wrapper\">\n\t\t\t\t\t\t<span class=\"elementor-button-icon elementor-align-icon-right\">\n\t\t\t\t<i aria-hidden=\"true\" class=\"fas fa-angle-double-right\"><\/i>\t\t\t<\/span>\n\t\t\t\t\t\t<span class=\"elementor-button-text\">Leer m\u00e1s<\/span>\n\t\t<\/span>\n\t\t\t\t\t<\/a>\n\t\t<\/div>\n\t\t\t\t<\/div>\n\t\t\t\t<\/div>\n\t\t\t\t\t\t<\/div>\n\t\t\t<\/div>\n\t\t<\/div>\n\t\t\t\t\t\t<\/div>\n\t\t\t<\/div>\n\t\t<\/section>\n\t\t\t\t<section class=\"elementor-element elementor-element-26f9e6fe elementor-section-content-middle elementor-reverse-mobile elementor-section-boxed elementor-section-height-default elementor-section-height-default elementor-section elementor-top-section\" data-id=\"26f9e6fe\" data-element_type=\"section\">\n\t\t\t\t\t\t<div class=\"elementor-container elementor-column-gap-default\">\n\t\t\t\t<div class=\"elementor-row\">\n\t\t\t\t<div class=\"elementor-element elementor-element-7474425b elementor-column elementor-col-50 elementor-top-column\" data-id=\"7474425b\" data-element_type=\"column\">\n\t\t\t<div class=\"elementor-column-wrap  elementor-element-populated\">\n\t\t\t\t\t<div class=\"elementor-widget-wrap\">\n\t\t\t\t<div class=\"elementor-element elementor-element-59b71728 elementor-widget elementor-widget-heading\" data-id=\"59b71728\" data-element_type=\"widget\" data-widget_type=\"heading.default\">\n\t\t\t\t<div class=\"elementor-widget-container\">\n\t\t\t<h3 class=\"elementor-heading-title elementor-size-default\">COPA 2004-05<\/h3>\t\t<\/div>\n\t\t\t\t<\/div>\n\t\t\t\t<div class=\"elementor-element elementor-element-2b178223 elementor-widget elementor-widget-text-editor\" data-id=\"2b178223\" data-element_type=\"widget\" data-widget_type=\"text-editor.default\">\n\t\t\t\t<div class=\"elementor-widget-container\">\n\t\t\t\t\t<div class=\"elementor-text-editor elementor-clearfix\"><p>I am text block. Click edit button to change this text. Lorem ipsum dolor sit amet, consectetur adipiscing elit. Ut elit tellus, luctus nec ullamcorper mattis, pulvinar dapibus leo.<\/p><\/div>\n\t\t\t\t<\/div>\n\t\t\t\t<\/div>\n\t\t\t\t<div class=\"elementor-element elementor-element-3d6bc4ec elementor-align-left elementor-mobile-align-center elementor-widget elementor-widget-button\" data-id=\"3d6bc4ec\" data-element_type=\"widget\" data-widget_type=\"button.default\">\n\t\t\t\t<div class=\"elementor-widget-container\">\n\t\t\t\t\t<div class=\"elementor-button-wrapper\">\n\t\t\t<a href=\"#\" class=\"elementor-button-link elementor-button elementor-size-md\" role=\"button\">\n\t\t\t\t\t\t<span class=\"elementor-button-content-wrapper\">\n\t\t\t\t\t\t<span class=\"elementor-button-icon elementor-align-icon-right\">\n\t\t\t\t<i aria-hidden=\"true\" class=\"fas fa-angle-double-right\"><\/i>\t\t\t<\/span>\n\t\t\t\t\t\t<span class=\"elementor-button-text\">Leer m\u00e1s<\/span>\n\t\t<\/span>\n\t\t\t\t\t<\/a>\n\t\t<\/div>\n\t\t\t\t<\/div>\n\t\t\t\t<\/div>\n\t\t\t\t\t\t<\/div>\n\t\t\t<\/div>\n\t\t<\/div>\n\t\t\t\t<div class=\"elementor-element elementor-element-6848e7f1 elementor-column elementor-col-50 elementor-top-column\" data-id=\"6848e7f1\" data-element_type=\"column\">\n\t\t\t<div class=\"elementor-column-wrap  elementor-element-populated\">\n\t\t\t\t\t<div class=\"elementor-widget-wrap\">\n\t\t\t\t<div class=\"elementor-element elementor-element-71d92adb elementor-widget elementor-widget-image\" data-id=\"71d92adb\" data-element_type=\"widget\" data-widget_type=\"image.default\">\n\t\t\t\t<div class=\"elementor-widget-container\">\n\t\t\t\t\t<div class=\"elementor-image\">\n\t\t\t\t\t\t\t\t\t\t<img loading=\"lazy\" decoding=\"async\" width=\"1024\" height=\"613\" src=\"http:\/\/betisdata.es\/wp-content\/uploads\/2020\/09\/copa-2005-2_g-1170x700-1-1024x613.jpg\" class=\"attachment-large size-large\" alt=\"\" srcset=\"http:\/\/betisdata.es\/wp-content\/uploads\/2020\/09\/copa-2005-2_g-1170x700-1-1024x613.jpg 1024w, http:\/\/betisdata.es\/wp-content\/uploads\/2020\/09\/copa-2005-2_g-1170x700-1-300x179.jpg 300w, http:\/\/betisdata.es\/wp-content\/uploads\/2020\/09\/copa-2005-2_g-1170x700-1-768x459.jpg 768w, http:\/\/betisdata.es\/wp-content\/uploads\/2020\/09\/copa-2005-2_g-1170x700-1.jpg 1170w\" sizes=\"(max-width: 1024px) 100vw, 1024px\" \/>\t\t\t\t\t\t\t\t\t\t\t<\/div>\n\t\t\t\t<\/div>\n\t\t\t\t<\/div>\n\t\t\t\t\t\t<\/div>\n\t\t\t<\/div>\n\t\t<\/div>\n\t\t\t\t\t\t<\/div>\n\t\t\t<\/div>\n\t\t<\/section>\n\t\t\t\t<section class=\"elementor-element elementor-element-1b6e8c19 elementor-section-content-middle elementor-reverse-mobile elementor-section-boxed elementor-section-height-default elementor-section-height-default elementor-section elementor-top-section\" data-id=\"1b6e8c19\" data-element_type=\"section\">\n\t\t\t\t\t\t<div class=\"elementor-container elementor-column-gap-default\">\n\t\t\t\t<div class=\"elementor-row\">\n\t\t\t\t<div class=\"elementor-element elementor-element-30ce8870 elementor-column elementor-col-50 elementor-top-column\" data-id=\"30ce8870\" data-element_type=\"column\">\n\t\t\t<div class=\"elementor-column-wrap  elementor-element-populated\">\n\t\t\t\t\t<div class=\"elementor-widget-wrap\">\n\t\t\t\t<div class=\"elementor-element elementor-element-73a076ca elementor-widget elementor-widget-image\" data-id=\"73a076ca\" data-element_type=\"widget\" data-widget_type=\"image.default\">\n\t\t\t\t<div class=\"elementor-widget-container\">\n\t\t\t\t\t<div class=\"elementor-image\">\n\t\t\t\t\t\t\t\t\t\t<img loading=\"lazy\" decoding=\"async\" width=\"855\" height=\"481\" src=\"http:\/\/betisdata.es\/wp-content\/uploads\/2020\/09\/campeon-liga-2014-15.jpg\" class=\"attachment-full size-full\" alt=\"\" srcset=\"http:\/\/betisdata.es\/wp-content\/uploads\/2020\/09\/campeon-liga-2014-15.jpg 855w, http:\/\/betisdata.es\/wp-content\/uploads\/2020\/09\/campeon-liga-2014-15-300x169.jpg 300w, http:\/\/betisdata.es\/wp-content\/uploads\/2020\/09\/campeon-liga-2014-15-768x432.jpg 768w\" sizes=\"(max-width: 855px) 100vw, 855px\" \/>\t\t\t\t\t\t\t\t\t\t\t<\/div>\n\t\t\t\t<\/div>\n\t\t\t\t<\/div>\n\t\t\t\t\t\t<\/div>\n\t\t\t<\/div>\n\t\t<\/div>\n\t\t\t\t<div class=\"elementor-element elementor-element-76025e8a elementor-column elementor-col-50 elementor-top-column\" data-id=\"76025e8a\" data-element_type=\"column\">\n\t\t\t<div class=\"elementor-column-wrap  elementor-element-populated\">\n\t\t\t\t\t<div class=\"elementor-widget-wrap\">\n\t\t\t\t<div class=\"elementor-element elementor-element-39733364 elementor-widget elementor-widget-heading\" data-id=\"39733364\" data-element_type=\"widget\" data-widget_type=\"heading.default\">\n\t\t\t\t<div class=\"elementor-widget-container\">\n\t\t\t<h3 class=\"elementor-heading-title elementor-size-default\">LIGAS 2\u00aa DIVISI\u00d3N<\/h3>\t\t<\/div>\n\t\t\t\t<\/div>\n\t\t\t\t<div class=\"elementor-element elementor-element-67fc4d19 elementor-widget elementor-widget-text-editor\" data-id=\"67fc4d19\" data-element_type=\"widget\" data-widget_type=\"text-editor.default\">\n\t\t\t\t<div class=\"elementor-widget-container\">\n\t\t\t\t\t<div class=\"elementor-text-editor elementor-clearfix\"><p>En las 28 temporadas que el Real Betis ha jugado en 2\u00aa divisi\u00f3n ha acumulado hasta 7 campeonatos: <a title=\"Segunda Divisi\u00f3n de Espa\u00f1a 1931-32\" href=\"https:\/\/es.wikipedia.org\/wiki\/Segunda_Divisi%C3%B3n_de_Espa%C3%B1a_1931-32\">1931-32<\/a>\u00a0(Gr. \u00danico),\u00a0<a title=\"Segunda Divisi\u00f3n de Espa\u00f1a 1941-42\" href=\"https:\/\/es.wikipedia.org\/wiki\/Segunda_Divisi%C3%B3n_de_Espa%C3%B1a_1941-42\">1941-42<\/a>\u00a0(Gr. III),\u00a0<a title=\"Segunda Divisi\u00f3n de Espa\u00f1a 1957-58\" href=\"https:\/\/es.wikipedia.org\/wiki\/Segunda_Divisi%C3%B3n_de_Espa%C3%B1a_1957-58\">1957-58<\/a>\u00a0(Gr. II),\u00a0<a title=\"Segunda Divisi\u00f3n de Espa\u00f1a 1970-71\" href=\"https:\/\/es.wikipedia.org\/wiki\/Segunda_Divisi%C3%B3n_de_Espa%C3%B1a_1970-71\">1970-71<\/a>\u00a0(Gr. \u00danico),\u00a0<a title=\"Segunda Divisi\u00f3n de Espa\u00f1a 1973-74\" href=\"https:\/\/es.wikipedia.org\/wiki\/Segunda_Divisi%C3%B3n_de_Espa%C3%B1a_1973-74\">1973-74<\/a>\u00a0(Gr. \u00danico),\u00a0<a title=\"Segunda Divisi\u00f3n de Espa\u00f1a 2010-11\" href=\"https:\/\/es.wikipedia.org\/wiki\/Segunda_Divisi%C3%B3n_de_Espa%C3%B1a_2010-11\">2010-11<\/a> (Gr. \u00danico) y la \u00faltima en la imagen en el a\u00f1o <a title=\"Segunda Divisi\u00f3n de Espa\u00f1a 2014-15\" href=\"https:\/\/es.wikipedia.org\/wiki\/Segunda_Divisi%C3%B3n_de_Espa%C3%B1a_2014-15\">2014-15<\/a>\u00a0(Gr. \u00danico).<\/p><\/div>\n\t\t\t\t<\/div>\n\t\t\t\t<\/div>\n\t\t\t\t<div class=\"elementor-element elementor-element-2abc833 elementor-align-left elementor-mobile-align-center elementor-widget elementor-widget-button\" data-id=\"2abc833\" data-element_type=\"widget\" data-widget_type=\"button.default\">\n\t\t\t\t<div class=\"elementor-widget-container\">\n\t\t\t\t\t<div class=\"elementor-button-wrapper\">\n\t\t\t<a href=\"#\" class=\"elementor-button-link elementor-button elementor-size-md\" role=\"button\">\n\t\t\t\t\t\t<span class=\"elementor-button-content-wrapper\">\n\t\t\t\t\t\t<span class=\"elementor-button-icon elementor-align-icon-right\">\n\t\t\t\t<i aria-hidden=\"true\" class=\"fas fa-angle-double-right\"><\/i>\t\t\t<\/span>\n\t\t\t\t\t\t<span class=\"elementor-button-text\">Leer m\u00e1s<\/span>\n\t\t<\/span>\n\t\t\t\t\t<\/a>\n\t\t<\/div>\n\t\t\t\t<\/div>\n\t\t\t\t<\/div>\n\t\t\t\t\t\t<\/div>\n\t\t\t<\/div>\n\t\t<\/div>\n\t\t\t\t\t\t<\/div>\n\t\t\t<\/div>\n\t\t<\/section>\n\t\t\t\t\t\t<\/div>\n\t\t\t<\/div>\n\t\t<\/div>\n\t\t","protected":false},"excerpt":{"rendered":"<p>T\u00cdTULOS El Real Betis Balompi\u00e9 ha ganado 1 t\u00edtulo de Liga 1934-35 y 2 copas del Rey, la primera que se disput\u00f3, en la temporada 1977-78 y en la temporada 2004-05. En sus a\u00f1os en 2\u00aa divisi\u00f3n, ha conquistado hasta 7 t\u00edtulos de campe\u00f3n de la categor\u00eda de plata. LIGA 1934-35 El modesto Betis conquist\u00f3 [&hellip;]<\/p>\n","protected":false},"author":1,"featured_media":0,"parent":0,"menu_order":0,"comment_status":"closed","ping_status":"closed","template":"","meta":{"ocean_post_layout":"","ocean_both_sidebars_style":"","ocean_both_sidebars_content_width":0,"ocean_both_sidebars_sidebars_width":0,"ocean_sidebar":"0","ocean_second_sidebar":"0","ocean_disable_margins":"enable","ocean_add_body_class":"","ocean_shortcode_before_top_bar":"","ocean_shortcode_after_top_bar":"","ocean_shortcode_before_header":"","ocean_shortcode_after_header":"","ocean_has_shortcode":"","ocean_shortcode_after_title":"","ocean_shortcode_before_footer_widgets":"","ocean_shortcode_after_footer_widgets":"","ocean_shortcode_before_footer_bottom":"","ocean_shortcode_after_footer_bottom":"","ocean_display_top_bar":"default","ocean_display_header":"default","ocean_header_style":"","ocean_center_header_left_menu":"0","ocean_custom_header_template":"0","ocean_custom_logo":0,"ocean_custom_retina_logo":0,"ocean_custom_logo_max_width":0,"ocean_custom_logo_tablet_max_width":0,"ocean_custom_logo_mobile_max_width":0,"ocean_custom_logo_max_height":0,"ocean_custom_logo_tablet_max_height":0,"ocean_custom_logo_mobile_max_height":0,"ocean_header_custom_menu":"0","ocean_menu_typo_font_family":"0","ocean_menu_typo_font_subset":"","ocean_menu_typo_font_size":0,"ocean_menu_typo_font_size_tablet":0,"ocean_menu_typo_font_size_mobile":0,"ocean_menu_typo_font_size_unit":"px","ocean_menu_typo_font_weight":"","ocean_menu_typo_font_weight_tablet":"","ocean_menu_typo_font_weight_mobile":"","ocean_menu_typo_transform":"","ocean_menu_typo_transform_tablet":"","ocean_menu_typo_transform_mobile":"","ocean_menu_typo_line_height":0,"ocean_menu_typo_line_height_tablet":0,"ocean_menu_typo_line_height_mobile":0,"ocean_menu_typo_line_height_unit":"","ocean_menu_typo_spacing":0,"ocean_menu_typo_spacing_tablet":0,"ocean_menu_typo_spacing_mobile":0,"ocean_menu_typo_spacing_unit":"","ocean_menu_link_color":"","ocean_menu_link_color_hover":"","ocean_menu_link_color_active":"","ocean_menu_link_background":"","ocean_menu_link_hover_background":"","ocean_menu_link_active_background":"","ocean_menu_social_links_bg":"","ocean_menu_social_hover_links_bg":"","ocean_menu_social_links_color":"","ocean_menu_social_hover_links_color":"","ocean_disable_title":"default","ocean_disable_heading":"default","ocean_post_title":"","ocean_post_subheading":"","ocean_post_title_style":"","ocean_post_title_background_color":"","ocean_post_title_background":0,"ocean_post_title_bg_image_position":"","ocean_post_title_bg_image_attachment":"","ocean_post_title_bg_image_repeat":"","ocean_post_title_bg_image_size":"","ocean_post_title_height":0,"ocean_post_title_bg_overlay":0.5,"ocean_post_title_bg_overlay_color":"","ocean_disable_breadcrumbs":"default","ocean_breadcrumbs_color":"","ocean_breadcrumbs_separator_color":"","ocean_breadcrumbs_links_color":"","ocean_breadcrumbs_links_hover_color":"","ocean_display_footer_widgets":"default","ocean_display_footer_bottom":"default","ocean_custom_footer_template":"0","footnotes":""},"_links":{"self":[{"href":"http:\/\/betisdata.es\/index.php?rest_route=\/wp\/v2\/pages\/497"}],"collection":[{"href":"http:\/\/betisdata.es\/index.php?rest_route=\/wp\/v2\/pages"}],"about":[{"href":"http:\/\/betisdata.es\/index.php?rest_route=\/wp\/v2\/types\/page"}],"author":[{"embeddable":true,"href":"http:\/\/betisdata.es\/index.php?rest_route=\/wp\/v2\/users\/1"}],"replies":[{"embeddable":true,"href":"http:\/\/betisdata.es\/index.php?rest_route=%2Fwp%2Fv2%2Fcomments&post=497"}],"version-history":[{"count":15,"href":"http:\/\/betisdata.es\/index.php?rest_route=\/wp\/v2\/pages\/497\/revisions"}],"predecessor-version":[{"id":546,"href":"http:\/\/betisdata.es\/index.php?rest_route=\/wp\/v2\/pages\/497\/revisions\/546"}],"wp:attachment":[{"href":"http:\/\/betisdata.es\/index.php?rest_route=%2Fwp%2Fv2%2Fmedia&parent=497"}],"curies":[{"name":"wp","href":"https:\/\/api.w.org\/{rel}","templated":true}]}}